{"id":51,"date":"2020-04-11T14:01:43","date_gmt":"2020-04-11T12:01:43","guid":{"rendered":"http:\/\/proconseilimmo.fr\/?page_id=51"},"modified":"2026-03-19T14:54:11","modified_gmt":"2026-03-19T13:54:11","slug":"contact","status":"publish","type":"page","link":"https:\/\/proconseilimmo.fr\/?page_id=51","title":{"rendered":"CONTACT"},"content":{"rendered":"\n<p>SARL PRO CONSEIL IMMO<\/p>\n\n\n\n<p>32 AVENUE FRANCOIS TUBY<\/p>\n\n\n\n<p>06150 CANNES LA BOCCA<\/p>\n\n\n\n<p>SIRET&nbsp;:901 257&nbsp;782&nbsp;000 10<\/p>\n\n\n\n<p>NUMERO TVA INTRACOMMUNAUTAIRE&nbsp;: FR 14901 257&nbsp;782<\/p>\n\n\n\n<p>CARTE PROFESSIONNELLE\u00a0: CPI 0605 2021 000\u00a0000\u00a0201 VALABLE JUSQU\u2019AU 25\/08\/2027<\/p>\n\n\n\n<p><\/p>\n\n\n\n<p>TEL: 0688351267<\/p>\n\n\n\n<p>mail: proconseilimmo@gmail.com et alexandre@proconseilimmo.fr<\/p>\n\n\n\n<p>linkedin:<a href=\"https:\/\/www.linkedin.com\/in\/pro-conseil-immo-9388361a5\/\">https:\/\/www.linkedin.com\/in\/pro-conseil-immo-9388361a5\/<\/a><\/p>\n\n\n\n<p>facebook:<a rel=\"noreferrer noopener\" href=\"https:\/\/www.facebook.com\/alexproconseilimmo06\/\" target=\"_blank\">https:\/\/www.facebook.com\/alexproconseilimmo06<\/a>\/<\/p>\n\n\n\n<p>instagram:<a rel=\"noreferrer noopener\" href=\"https:\/\/www.instagram.com\/proconseilimmo\/?hl=fr\" target=\"_blank\">https:<\/a>\/\/<a rel=\"noreferrer noopener\" href=\"https:\/\/www.instagram.com\/proconseilimmo\/?hl=fr\" target=\"_blank\">www.instagram.com\/proconseilimmo\/?hl=fr<\/a><\/p>\n\n\n\n<p>Le professionnel de l&rsquo;immobilier pour les professionnels<\/p>\n\n\n\n<p>\u00a0+ de  11 ans \u00e0 vos c\u00f4t\u00e9s<\/p>\n","protected":false},"excerpt":{"rendered":"<p>SARL PRO CONSEIL IMMO 32 AVENUE FRANCOIS TUBY 06150 CANNES LA BOCCA SIRET&nbsp;:901 257&nbsp;782&nbsp;000 10 NUMERO TVA INTRACOMMUNAUTAIRE&nbsp;: FR 14901 257&nbsp;782 CARTE PROFESSIONNELLE\u00a0: CPI 0605 2021 000\u00a0000\u00a0201 VALABLE JUSQU\u2019AU 25\/08\/2027 TEL: 0688351267 mail: proconseilimmo@gmail.com et alexandre@proconseilimmo.fr linkedin:https:\/\/www.linkedin.com\/in\/pro-conseil-immo-9388361a5\/ facebook:https:\/\/www.facebook.com\/alexproconseilimmo06\/ instagram:https:\/\/www.instagram.com\/proconseilimmo\/?hl=fr Le professionnel de l&rsquo;immobilier pour les professionnels \u00a0+ de 11 ans \u00e0 vos c\u00f4t\u00e9s<\/p>\n","protected":false},"author":1,"featured_media":576,"parent":0,"menu_order":0,"comment_status":"closed","ping_status":"closed","template":"","meta":[],"_links":{"self":[{"href":"https:\/\/proconseilimmo.fr\/index.php?rest_route=\/wp\/v2\/pages\/51"}],"collection":[{"href":"https:\/\/proconseilimmo.fr\/index.php?rest_route=\/wp\/v2\/pages"}],"about":[{"href":"https:\/\/proconseilimmo.fr\/index.php?rest_route=\/wp\/v2\/types\/page"}],"author":[{"embeddable":true,"href":"https:\/\/proconseilimmo.fr\/index.php?rest_route=\/wp\/v2\/users\/1"}],"replies":[{"embeddable":true,"href":"https:\/\/proconseilimmo.fr\/index.php?rest_route=%2Fwp%2Fv2%2Fcomments&post=51"}],"version-history":[{"count":12,"href":"https:\/\/proconseilimmo.fr\/index.php?rest_route=\/wp\/v2\/pages\/51\/revisions"}],"predecessor-version":[{"id":1093,"href":"https:\/\/proconseilimmo.fr\/index.php?rest_route=\/wp\/v2\/pages\/51\/revisions\/1093"}],"wp:featuredmedia":[{"embeddable":true,"href":"https:\/\/proconseilimmo.fr\/index.php?rest_route=\/wp\/v2\/media\/576"}],"wp:attachment":[{"href":"https:\/\/proconseilimmo.fr\/index.php?rest_route=%2Fwp%2Fv2%2Fmedia&parent=51"}],"curies":[{"name":"wp","href":"https:\/\/api.w.org\/{rel}","templated":true}]}}